{"id":2449,"date":"2024-05-28T09:44:29","date_gmt":"2024-05-28T07:44:29","guid":{"rendered":"https:\/\/desarrollo.mmberriz.net\/XVI-capitulo-general\/?page_id=2449"},"modified":"2025-11-05T11:04:37","modified_gmt":"2025-11-05T10:04:37","slug":"politica-de-cookies","status":"publish","type":"page","link":"https:\/\/mmberriz.org\/XVI-capitulo-general\/politica-de-cookies\/","title":{"rendered":"Pol\u00edtica de Cookies"},"content":{"rendered":"\t\t<div data-elementor-type=\"wp-page\" data-elementor-id=\"2449\" class=\"elementor elementor-2449\" data-elementor-post-type=\"page\">\n\t\t\t\t<div class=\"elementor-element elementor-element-2a5a6ba e-flex e-con-boxed e-con e-parent\" data-id=\"2a5a6ba\" data-element_type=\"container\" data-e-type=\"container\">\n\t\t\t\t\t<div class=\"e-con-inner\">\n\t\t\t\t<div class=\"elementor-element elementor-element-41d4e7b elementor-widget elementor-widget-heading\" data-id=\"41d4e7b\" data-element_type=\"widget\" data-e-type=\"widget\" data-widget_type=\"heading.default\">\n\t\t\t\t<div class=\"elementor-widget-container\">\n\t\t\t\t\t<h2 class=\"elementor-heading-title elementor-size-default\">Pol\u00edtica de Cookies<\/h2>\t\t\t\t<\/div>\n\t\t\t\t<\/div>\n\t\t\t\t<div class=\"elementor-element elementor-element-066df62 elementor-widget elementor-widget-text-editor\" data-id=\"066df62\" data-element_type=\"widget\" data-e-type=\"widget\" data-widget_type=\"text-editor.default\">\n\t\t\t\t<div class=\"elementor-widget-container\">\n\t\t\t\t\t\t\t\t\t<p>Esta Pol\u00edtica de Cookies es parte del&nbsp;Aviso Legal&nbsp;y la&nbsp;Pol\u00edtica de Privacidad&nbsp;de la p\u00e1gina web www.mmberriz.org (en adelante, el \u201c<b>Sitio Web<\/b>\u201d). El acceso y la navegaci\u00f3n en el Sitio Web, o el uso de sus servicios, implican la aceptaci\u00f3n de los t\u00e9rminos y condiciones recogidos en el&nbsp;<a href=\"\/aviso-legal\/\" rel=\"noopener\">Aviso Legal<\/a>&nbsp;y en la&nbsp;<a href=\"\/politica-de-privacidad\/\" rel=\"noopener\">Pol\u00edtica de Privacidad<\/a>.<\/p>\n<p>Con el fin de facilitar la navegaci\u00f3n por el Sitio Web, Instituto Mercedarias Misioneras de Berriz en Espa\u00f1a, como su titular, con domicilio en la calle Fereluz, n \u00ba 2 (CP 28039) de Madrid, le comunica que utiliza cookies u otros dispositivos de almacenamiento y recuperaci\u00f3n de datos de funcionalidad similar (en adelante, las \u201c<b>Cookies<\/b>\u201d).<\/p>\n<h3>\u00bfQU\u00c9 ES UNA COOKIE?<\/h3>\n<p>Las Cookies son archivos que contienen peque\u00f1as cantidades de informaci\u00f3n que se descargan en el dispositivo del Usuario cuando visita una p\u00e1gina web. Su finalidad principal es reconocer al Usuario cada vez que accede al Sitio Web, permitiendo, adem\u00e1s, mejorar la calidad y ofrecer un mejor uso del Sitio Web.<\/p>\n<p>Las Cookies son esenciales para el funcionamiento de Internet; no pueden da\u00f1ar el equipo\/dispositivo del Usuario y, si se encuentran activadas en la configuraci\u00f3n de su navegador, ayudan a identificar y resolver posibles errores de funcionamiento del Sitio Web.<\/p>\n<h3>TIPOS DE COOKIES QUE EXISTEN<\/h3>\n<p>\u2022 <b>T\u00e9cnicas<\/b>: aquellas que permiten al Usuario la navegaci\u00f3n a trav\u00e9s del Sitio Web y la utilizaci\u00f3n de las diferentes opciones y servicios que en ella existan. Estas cookies habilitan las diferentes funcionalidades del Sitio Web, hacen que su navegaci\u00f3n sea m\u00e1s segura y\/o aportan funcionalidades que son previamente solicitadas por el Usuario. Al ser necesarias para el funcionamiento del sitio, estas cookies por defecto estar\u00e1n activadas mientras se haga uso del Sitio Web.<\/p>\n<p>\u2022 <b>De configuraci\u00f3n o personalizaci\u00f3n<\/b>: sirven para guardar configuraci\u00f3n personalizada del Usuario en webs din\u00e1micas: color, idioma, dise\u00f1o, maquetaci\u00f3n, etc.<\/p>\n<p>\u2022 <b>De seguridad<\/b>: las que se utilizan para evitar ataques externos contra la web o los usuarios que naveguen en ella.<\/p>\n<p>\u2022 <b>Para anal\u00edticas<\/b>: captan informaci\u00f3n para los sistemas de anal\u00edtica web. La informaci\u00f3n recogida se utiliza con el fin de introducir mejoras en funci\u00f3n del an\u00e1lisis de los datos de uso que hacen los usuarios del servicio.<\/p>\n<p>\u2022 <b>Para publicidad y seguimiento<\/b>: se usan para almacenar informaci\u00f3n del comportamiento de los usuarios obtenida a trav\u00e9s de la observaci\u00f3n continuada de sus h\u00e1bitos de navegaci\u00f3n, lo que permite desarrollar un perfil espec\u00edfico para mostrar publicidad en funci\u00f3n del mismo.<\/p>\n<h3>BASE LEGITIMADORA PARA EL USO DE LAS COOKIES<\/h3>\n<p>En el caso de las cookies t\u00e9cnicas, es decir, aquellas que resultan imprescindibles para navegar por esta web y recibir el servicio ofrecido, la base legal de su uso es el acuerdo a trav\u00e9s del cual usted decide utilizar esta p\u00e1gina web y utilizar sus servicios.<\/p>\n<p>La base legal del uso del resto de cookies es el consentimiento del Usuario, que se le solicita al acceder a esta web, pudiendo revocarlo en cualquier momento posterior. La retirada de dicho consentimiento no afectar\u00e1 a la posibilidad de navegar por esta web y utilizar sus servicios, pero los tratamientos de datos efectuados con anterioridad no perder\u00e1n su licitud por el hecho de que el consentimiento se haya revocado.<\/p>\n<h3>COOKIES UTILIZADAS POR ESTE SITIO WEB<\/h3>\n<table>\n<thead>\n<tr>\n<th><b>Tipo<\/b><\/th>\n<th><b>Nombre<\/b><\/th>\n<th><b>Finalidad<\/b><\/th>\n<th><b>Descripci\u00f3n<\/b><\/th>\n<th><b>Tiempo<\/b><\/th>\n<\/tr>\n<\/thead>\n<tbody>\n<tr>\n<td>T\u00e9cnica<\/td>\n<td>wp-wpml_current_language<\/td>\n<td>Guardar el idioma seleccionado por el usuario<\/td>\n<td>Usada por el plugin empleado para gestionar el idioma en que se muestra el sitio; \u00abes\u00bb para \u00abespa\u00f1ol\u00bb, \u00aben\u00bb para \u00abEnglish\u00bb.<\/td>\n<td>Sesi\u00f3n<\/td>\n<\/tr>\n<\/tbody>\n<\/table>\n<h3>CONTROL Y BORRADO DE COOKIES<\/h3>\n<p>Puede bloquear y\/o eliminar las Cookies a trav\u00e9s de las herramientas de configuraci\u00f3n del navegador, o bien, puede configurar su navegador para que le avise cuando un servidor quiera guardar una Cookie:<\/p>\n<ul>\n<li><span style=\"font-size: 1rem;\">Si utiliza&nbsp;<\/span><a href=\"https:\/\/support.microsoft.com\/es-es\/windows\/administrar-cookies-en-microsoft-edge-ver-permitir-bloquear-eliminar-y-usar-168dab11-0753-043d-7c16-ede5947fc64d\" target=\"_blank\" rel=\"noopener\">Microsoft Edge<\/a><\/li>\n<li><span style=\"font-size: 1rem;\">Si utiliza&nbsp;<\/span><a href=\"https:\/\/support.microsoft.com\/es-es\/topic\/c%C3%B3mo-eliminar-archivos-de-cookies-en-internet-explorer-bca9446f-d873-78de-77ba-d42645fa52fc\" target=\"_blank\" rel=\"noopener\">Internet Explorer<\/a><\/li>\n<li>Si utiliza&nbsp;<a href=\"https:\/\/support.mozilla.org\/es\/kb\/cookies-informacion-que-los-sitios-web-guardan-en-?esab=a&amp;s=cookies&amp;r=1&amp;as=s\" target=\"_blank\" rel=\"noopener\">Mozila Firefox<\/a><\/li>\n<li>Si utiliza&nbsp;<a href=\"https:\/\/support.google.com\/accounts\/answer\/61416?hl=es\" target=\"_blank\" rel=\"noopener\">Google Chrome<\/a><\/li>\n<li>Si utiliza&nbsp;<a href=\"https:\/\/help.opera.com\/en\/latest\/web-preferences\/#cookies\" target=\"_blank\" rel=\"noopener\">Opera<\/a><\/li>\n<li>Si utiliza&nbsp;Safari&nbsp;en un&nbsp;<a href=\"https:\/\/support.apple.com\/kb\/ph5042\" target=\"_blank\" rel=\"noopener\">Mac<\/a>&nbsp;y en un&nbsp;<a href=\"https:\/\/support.apple.com\/es-es\/105082\" target=\"_blank\" rel=\"noopener\">iPhone<\/a><\/li>\n<\/ul>\n<h3>CONSULTAS Y MAS INFORMACI\u00d3N SOBRE COOKIES<\/h3>\n<p>Si tiene alguna consulta sobre esta Pol\u00edtica de Cookies puede dirigirse a:<\/p>\n<p>INSTITUTO MERCEDARIAS MISIONERAS DE BERRIZ EN ESPA\u00d1A<\/p>\n<p>Direcci\u00f3n:&nbsp; &nbsp;Calle Fereluz, n \u00ba 2 (CP 28039) de Madrid<\/p>\n<p>Tel\u00e9fono de contacto:&nbsp;<span style=\"background-color: #ffffff; font-size: 1rem;\">+34 915 716 303<\/span><\/p>\n<p>Email de contacto:&nbsp;<a style=\"background-color: #ffffff; font-size: 1rem;\" href=\"mailto:dpd@mmberriz.org\" target=\"_blank\" rel=\"noopener\">dpd@mmberriz.org<\/a><\/p>\n<p>DPD:&nbsp;<a style=\"background-color: #ffffff; font-size: 1rem;\" href=\"mailto:dpd@mmberriz.org\" target=\"_blank\" rel=\"noopener\">dpd@mmberriz.org<\/a><\/p>\n<p>Y si desea obtener m\u00e1s informaci\u00f3n sobre las cookies, puede consultar la&nbsp;<a href=\"https:\/\/www.aepd.es\/sites\/default\/files\/2020-07\/guia-cookies.pdf\" target=\"_blank\" rel=\"noopener\">Gu\u00eda sobre el uso de las cookies<\/a>&nbsp;de la&nbsp;<a href=\"https:\/\/www.aepd.es\/\" target=\"_blank\" rel=\"noopener\">Agencia Espa\u00f1ola de Protecci\u00f3n de Datos<\/a>&nbsp;(AEPD).<\/p><p><span style=\"font-size: 1rem;\">\u00daltima actualizaci\u00f3n: noviembre 2025<\/span><\/p>\t\t\t\t\t\t\t\t<\/div>\n\t\t\t\t<\/div>\n\t\t\t\t\t<\/div>\n\t\t\t\t<\/div>\n\t\t\t\t<\/div>\n\t\t","protected":false},"excerpt":{"rendered":"<p>Pol\u00edtica de Cookies Esta Pol\u00edtica de Cookies es parte del&nbsp;Aviso Legal&nbsp;y la&nbsp;Pol\u00edtica de Privacidad&nbsp;de la p\u00e1gina web www.mmberriz.org (en adelante, el \u201cSitio Web\u201d). El acceso y la navegaci\u00f3n en el Sitio Web, o el uso de sus servicios, implican la aceptaci\u00f3n de los t\u00e9rminos y condiciones recogidos en el&nbsp;Aviso Legal&nbsp;y en la&nbsp;Pol\u00edtica de Privacidad. Con [&hellip;]<\/p>\n","protected":false},"author":1,"featured_media":0,"parent":0,"menu_order":0,"comment_status":"closed","ping_status":"closed","template":"elementor_header_footer","meta":{"footnotes":""},"folder":[],"class_list":["post-2449","page","type-page","status-publish","hentry"],"_links":{"self":[{"href":"https:\/\/mmberriz.org\/XVI-capitulo-general\/wp-json\/wp\/v2\/pages\/2449","targetHints":{"allow":["GET"]}}],"collection":[{"href":"https:\/\/mmberriz.org\/XVI-capitulo-general\/wp-json\/wp\/v2\/pages"}],"about":[{"href":"https:\/\/mmberriz.org\/XVI-capitulo-general\/wp-json\/wp\/v2\/types\/page"}],"author":[{"embeddable":true,"href":"https:\/\/mmberriz.org\/XVI-capitulo-general\/wp-json\/wp\/v2\/users\/1"}],"replies":[{"embeddable":true,"href":"https:\/\/mmberriz.org\/XVI-capitulo-general\/wp-json\/wp\/v2\/comments?post=2449"}],"version-history":[{"count":10,"href":"https:\/\/mmberriz.org\/XVI-capitulo-general\/wp-json\/wp\/v2\/pages\/2449\/revisions"}],"predecessor-version":[{"id":4733,"href":"https:\/\/mmberriz.org\/XVI-capitulo-general\/wp-json\/wp\/v2\/pages\/2449\/revisions\/4733"}],"wp:attachment":[{"href":"https:\/\/mmberriz.org\/XVI-capitulo-general\/wp-json\/wp\/v2\/media?parent=2449"}],"wp:term":[{"taxonomy":"folder","embeddable":true,"href":"https:\/\/mmberriz.org\/XVI-capitulo-general\/wp-json\/wp\/v2\/folder?post=2449"}],"curies":[{"name":"wp","href":"https:\/\/api.w.org\/{rel}","templated":true}]}}